
{"id":121774,"date":"2025-05-28T14:26:21","date_gmt":"2025-05-28T12:26:21","guid":{"rendered":"https:\/\/texican.foodyx.shop\/product\/guacamoly-burger\/"},"modified":"2026-05-06T10:28:41","modified_gmt":"2026-05-06T08:28:41","slug":"guacamoly-burger","status":"publish","type":"product","link":"https:\/\/afhalen.texican.nl\/en\/product\/guacamoly-burger\/","title":{"rendered":"Guacamoly Burger"},"content":{"rendered":"<p>Gefrituurde vegan burger van avocado, ma\u00efs, quinoa en paneermeel, brioche bun, huisgemaakte chutney van jalape\u00f1os en tomaat, jalape\u00f1os, sla, huisgemaakte salsa, huisgemaakte nachos en tomaat.<\/p>","protected":false},"excerpt":{"rendered":"<p>Gefrituurde vegan burger van avocado, ma\u00efs, quinoa en paneermeel, brioche bun, huisgemaakte chutney van jalape\u00f1os en tomaat, jalape\u00f1os, sla, huisgemaakte salsa, huisgemaakte nachos en tomaat.<\/p>","protected":false},"featured_media":160890,"comment_status":"open","ping_status":"closed","template":"","meta":{"_acf_changed":false},"product_brand":[],"product_cat":[1212],"product_tag":[],"class_list":{"0":"post-121774","1":"product","2":"type-product","3":"status-publish","4":"has-post-thumbnail","6":"product_cat-1-burgers","8":"first","9":"instock","10":"shipping-taxable","11":"purchasable","12":"product-type-simple"},"acf":[],"_links":{"self":[{"href":"https:\/\/afhalen.texican.nl\/en\/wp-json\/wp\/v2\/product\/121774","targetHints":{"allow":["GET"]}}],"collection":[{"href":"https:\/\/afhalen.texican.nl\/en\/wp-json\/wp\/v2\/product"}],"about":[{"href":"https:\/\/afhalen.texican.nl\/en\/wp-json\/wp\/v2\/types\/product"}],"replies":[{"embeddable":true,"href":"https:\/\/afhalen.texican.nl\/en\/wp-json\/wp\/v2\/comments?post=121774"}],"wp:featuredmedia":[{"embeddable":true,"href":"https:\/\/afhalen.texican.nl\/en\/wp-json\/wp\/v2\/media\/160890"}],"wp:attachment":[{"href":"https:\/\/afhalen.texican.nl\/en\/wp-json\/wp\/v2\/media?parent=121774"}],"wp:term":[{"taxonomy":"product_brand","embeddable":true,"href":"https:\/\/afhalen.texican.nl\/en\/wp-json\/wp\/v2\/product_brand?post=121774"},{"taxonomy":"product_cat","embeddable":true,"href":"https:\/\/afhalen.texican.nl\/en\/wp-json\/wp\/v2\/product_cat?post=121774"},{"taxonomy":"product_tag","embeddable":true,"href":"https:\/\/afhalen.texican.nl\/en\/wp-json\/wp\/v2\/product_tag?post=121774"}],"curies":[{"name":"wp","href":"https:\/\/api.w.org\/{rel}","templated":true}]}}